{"id":139,"date":"2024-10-16T08:09:09","date_gmt":"2024-10-16T08:09:09","guid":{"rendered":"https:\/\/almocitaactiva.es\/?page_id=139"},"modified":"2024-11-08T09:29:38","modified_gmt":"2024-11-08T09:29:38","slug":"vii-travesia-de-resistencia-milsendas-alpujarra","status":"publish","type":"page","link":"https:\/\/almocitaactiva.es\/index.php\/vii-travesia-de-resistencia-milsendas-alpujarra\/","title":{"rendered":"VII Traves\u00eda de Resistencia MilSendas Alpujarra."},"content":{"rendered":"<div class=\"wp-block-image\">\n<figure class=\"aligncenter size-large is-resized\"><img loading=\"lazy\" decoding=\"async\" width=\"768\" height=\"1024\" src=\"https:\/\/almocitaactiva.es\/wp-content\/uploads\/2024\/10\/Mil-Sendas-2024-768x1024.jpeg\" alt=\"\" class=\"wp-image-141\" style=\"width:393px;height:524px\" srcset=\"https:\/\/almocitaactiva.es\/wp-content\/uploads\/2024\/10\/Mil-Sendas-2024-768x1024.jpeg 768w, https:\/\/almocitaactiva.es\/wp-content\/uploads\/2024\/10\/Mil-Sendas-2024-225x300.jpeg 225w, https:\/\/almocitaactiva.es\/wp-content\/uploads\/2024\/10\/Mil-Sendas-2024.jpeg 1008w\" sizes=\"auto, (max-width: 768px) 100vw, 768px\" \/><\/figure>\n<\/div>\n\n\n<h2 class=\"wp-block-heading\">BIENVENID@ AL PROCESO DE INSCRIPCI\u00d3N:<\/h2>\n\n\n\n<p>La Traves\u00eda de Resistencia Mil Sendas 2024 es puntuable para la CATR 2024 de la Federaci\u00f3n Andaluza de Deportes de Monta\u00f1a, Escalada y Senderismo.<\/p>\n\n\n\n<h2 class=\"wp-block-heading\">\u00bfEN QU\u00c9 ME INSCRIBO?<\/h2>\n\n\n\n<p>Te vas a apuntar a la&nbsp;<strong>VII TRAVESIA DE RESISTENCIA MILSENDAS ALPUJARRA<\/strong>, que se celebrar\u00e1 el pr\u00f3ximo d\u00eda&nbsp;<strong>14 de Diciembre de 2024<\/strong>&nbsp;a las&nbsp;<strong>05:00<\/strong>&nbsp;horas, en la localidad de&nbsp;<strong>ALM\u00d3CITA<\/strong>, provincia de&nbsp;<strong>ALMER\u00cdA<\/strong>.<br>El proceso de inscripci\u00f3n se abrir\u00e1 en primera instancia para los clubes preferentes, seg\u00fan reglamento CATR 2024, a partir del d\u00eda <strong>21<\/strong> de <strong>OCTUBRE<\/strong> desde las <strong>11:00AM<\/strong>, hasta el <strong>27<\/strong> de <strong>OCTUBRE<\/strong> <strong>20:00PM<\/strong> que ser\u00e1 cuando el plazo finalice. <br>El resto de <strong>Clubes<\/strong>, <strong>Participantes Individuales<\/strong> (Federados y No Federados) se podr\u00e1n inscribir a partir del d\u00eda <strong>28<\/strong> de <strong>OCTUBRE<\/strong> desde las <strong>20:00PM<\/strong> hasta el <strong>03<\/strong> de <strong>NOVIEMBRE<\/strong> <strong>20:00PM<\/strong>.<\/p>\n\n\n\n<p>*Recuerda que s\u00f3lo se permite la inscripci\u00f3n de 8 participantes c\u00f3mo m\u00e1ximo por club preferente.<\/p>\n\n\n\n<h2 class=\"wp-block-heading\">PROCESO DE INSCRIPCI\u00d3N:<\/h2>\n\n\n\n<p>La &#8220;<strong>VII TRAVESIA DE RESISTENCIA MILSENDAS ALPUJARRA<\/strong>&#8221;&nbsp;cuenta con&nbsp;<strong>220 plazas<\/strong>.<br>Recuerda que solamente puedes participar si eres mayor de&nbsp;<strong>18 a\u00f1os.<\/strong><\/p>\n\n\n\n<p><strong>INSCRIPCI\u00d3N:<\/strong> El proceso de inscripci\u00f3n es individual salvo para los clubes preferentes, qui\u00e9n podr\u00e1n inscribir a 8 personas como m\u00e1ximo.<br>Una vez se realice la solicitud y se efectue el pago, recibir\u00e1 un correo electr\u00f3nico con la confirmaci\u00f3n de su inscripci\u00f3n.<\/p>\n\n\n\n<p>*Recuerda que si eres un club preferente y est\u00e1s inscribiendo a varias personas, la transferencia deber\u00e1 ser por el total de los participantes que inscribes, en el concepto de la transferencia debes indicar &#8220;TRMILSENDAS y el nombre de tu club preferente&#8221;, en el caso de ser una persona individual en el concepto indica &#8220;TRMILSENDAS y tu DNI&#8221;. \u00a1<strong>SI NO SE CUMPLE ESTE PUNTO , TU SOLICITUD PODR\u00cdA QUEDAR\u00c1 INVALIDADA!<\/strong><\/p>\n\n\n\n<p>Existir\u00e1 una&nbsp;<strong>LISTA DE ESPERA<\/strong>&nbsp;gestionada por riguroso orden de inscripci\u00f3n en caso de que se sobrepasen las 220 plazas en el tiempo que dura el plazo de inscripci\u00f3n. Su solicitud entrar\u00e1 en ella en previsi\u00f3n de posibles bajas o de defecto de forma en dicho proceso. Si su solicitud ha sido aceptada, recibir\u00e1 un correo electr\u00f3nico y empezar\u00e1 el proceso previamente descrito.<br><br>Los participantes federados deber\u00e1n&nbsp;<strong>presentar su tarjeta federativa<\/strong>&nbsp;en el evento.<\/p>\n\n\n\n<p><strong>PRECIO DE LAS INSCRIPCIONES:<\/strong> Participantes <strong>FEDERADOS<\/strong> 35\u20ac, Participantes <strong>NO FEDERADOS<\/strong> 40\u20ac. <\/p>\n\n\n\n<h2 class=\"wp-block-heading has-medium-font-size\">Informaci\u00f3n de la Prueba:<\/h2>\n\n\n<style>.wp-block-kadence-iconlist.kt-svg-icon-list-items139_562c13-58:not(.this-stops-third-party-issues){margin-top:0px;margin-bottom:0px;}.wp-block-kadence-iconlist.kt-svg-icon-list-items139_562c13-58 ul.kt-svg-icon-list:not(.this-prevents-issues):not(.this-stops-third-party-issues):not(.tijsloc){margin-top:0px;margin-right:0px;margin-bottom:var(--global-kb-spacing-sm, 1.5rem);margin-left:0px;}.wp-block-kadence-iconlist.kt-svg-icon-list-items139_562c13-58 ul.kt-svg-icon-list{grid-row-gap:5px;}.wp-block-kadence-iconlist.kt-svg-icon-list-items139_562c13-58 ul.kt-svg-icon-list .kt-svg-icon-list-item-wrap .kt-svg-icon-list-single{margin-right:10px;}.kt-svg-icon-list-items139_562c13-58 ul.kt-svg-icon-list .kt-svg-icon-list-level-0 .kt-svg-icon-list-single svg{font-size:20px;}<\/style>\n<div class=\"wp-block-kadence-iconlist kt-svg-icon-list-items kt-svg-icon-list-items139_562c13-58 kt-svg-icon-list-columns-1 alignnone\"><ul class=\"kt-svg-icon-list\"><style>.kt-svg-icon-list-item-139_da8747-49 .kt-svg-icon-list-text mark.kt-highlight{background-color:unset;font-style:normal;color:#f76a0c;-webkit-box-decoration-break:clone;box-decoration-break:clone;padding-top:0px;padding-right:0px;padding-bottom:0px;padding-left:0px;}<\/style>\n<li class=\"wp-block-kadence-listitem kt-svg-icon-list-item-wrap kt-svg-icon-list-item-139_da8747-49\"><span class=\"kb-svg-icon-wrap kb-svg-icon-fe_checkCircle kt-svg-icon-list-single\"><svg viewBox=\"0 0 24 24\"  fill=\"none\" stroke=\"currentColor\" stroke-width=\"2\" stroke-linecap=\"round\" stroke-linejoin=\"round\" xmlns=\"http:\/\/www.w3.org\/2000\/svg\"  aria-hidden=\"true\"><path d=\"M22 11.08V12a10 10 0 1 1-5.93-9.14\"\/><polyline points=\"22 4 12 14.01 9 11.01\"\/><\/svg><\/span><span class=\"kt-svg-icon-list-text\"><a href=\"https:\/\/almocitaactiva.es\/wp-content\/uploads\/2024\/10\/Memoria-VII-MilSendas-2024.pdf\" target=\"_blank\" rel=\"noreferrer noopener\">Memoria de la Prueba y Reglamento<\/a>.<\/span><\/li>\n\n\n<style>.kt-svg-icon-list-item-139_8aec86-80 .kt-svg-icon-list-text mark.kt-highlight{background-color:unset;font-style:normal;color:#f76a0c;-webkit-box-decoration-break:clone;box-decoration-break:clone;padding-top:0px;padding-right:0px;padding-bottom:0px;padding-left:0px;}<\/style>\n<li class=\"wp-block-kadence-listitem kt-svg-icon-list-item-wrap kt-svg-icon-list-item-139_8aec86-80\"><span class=\"kb-svg-icon-wrap kb-svg-icon-fe_checkCircle kt-svg-icon-list-single\"><svg viewBox=\"0 0 24 24\"  fill=\"none\" stroke=\"currentColor\" stroke-width=\"2\" stroke-linecap=\"round\" stroke-linejoin=\"round\" xmlns=\"http:\/\/www.w3.org\/2000\/svg\"  aria-hidden=\"true\"><path d=\"M22 11.08V12a10 10 0 1 1-5.93-9.14\"\/><polyline points=\"22 4 12 14.01 9 11.01\"\/><\/svg><\/span><span class=\"kt-svg-icon-list-text\"><a href=\"https:\/\/almocitaactiva.es\/wp-content\/uploads\/2024\/10\/Perfil-VII-MilSendas-2024.jpeg\" target=\"_blank\" rel=\"noreferrer noopener\">Perfil<\/a>.<\/span><\/li>\n\n\n<style>.kt-svg-icon-list-item-139_fe4df8-0c .kt-svg-icon-list-text mark.kt-highlight{background-color:unset;font-style:normal;color:#f76a0c;-webkit-box-decoration-break:clone;box-decoration-break:clone;padding-top:0px;padding-right:0px;padding-bottom:0px;padding-left:0px;}<\/style>\n<li class=\"wp-block-kadence-listitem kt-svg-icon-list-item-wrap kt-svg-icon-list-item-139_fe4df8-0c\"><span class=\"kb-svg-icon-wrap kb-svg-icon-fe_checkCircle kt-svg-icon-list-single\"><svg viewBox=\"0 0 24 24\"  fill=\"none\" stroke=\"currentColor\" stroke-width=\"2\" stroke-linecap=\"round\" stroke-linejoin=\"round\" xmlns=\"http:\/\/www.w3.org\/2000\/svg\"  aria-hidden=\"true\"><path d=\"M22 11.08V12a10 10 0 1 1-5.93-9.14\"\/><polyline points=\"22 4 12 14.01 9 11.01\"\/><\/svg><\/span><span class=\"kt-svg-icon-list-text\"><a href=\"https:\/\/almocitaactiva.es\/wp-content\/uploads\/2024\/10\/Trazado-VII-MilSendas-2024.jpeg\" target=\"_blank\" rel=\"noreferrer noopener\">Trazado<\/a>.<\/span><\/li>\n\n\n<style>.kt-svg-icon-list-item-139_719d80-1a .kt-svg-icon-list-text mark.kt-highlight{background-color:unset;font-style:normal;color:#f76a0c;-webkit-box-decoration-break:clone;box-decoration-break:clone;padding-top:0px;padding-right:0px;padding-bottom:0px;padding-left:0px;}<\/style>\n<li class=\"wp-block-kadence-listitem kt-svg-icon-list-item-wrap kt-svg-icon-list-item-139_719d80-1a\"><span class=\"kb-svg-icon-wrap kb-svg-icon-fe_checkCircle kt-svg-icon-list-single\"><svg viewBox=\"0 0 24 24\"  fill=\"none\" stroke=\"currentColor\" stroke-width=\"2\" stroke-linecap=\"round\" stroke-linejoin=\"round\" xmlns=\"http:\/\/www.w3.org\/2000\/svg\"  aria-hidden=\"true\"><path d=\"M22 11.08V12a10 10 0 1 1-5.93-9.14\"\/><polyline points=\"22 4 12 14.01 9 11.01\"\/><\/svg><\/span><span class=\"kt-svg-icon-list-text\"><a href=\"https:\/\/es.wikiloc.com\/rutas-senderismo\/vii-tr-milsendas-oficial-188465994\" data-type=\"link\" data-id=\"https:\/\/es.wikiloc.com\/rutas-senderismo\/vi-tr-milsendas-alpujarra-2023-148993831\" target=\"_blank\" rel=\"noreferrer noopener\">Track<\/a>.<\/span><\/li>\n\n\n<style>.kt-svg-icon-list-item-139_ea5c87-f3 .kt-svg-icon-list-text mark.kt-highlight{background-color:unset;font-style:normal;color:#f76a0c;-webkit-box-decoration-break:clone;box-decoration-break:clone;padding-top:0px;padding-right:0px;padding-bottom:0px;padding-left:0px;}<\/style>\n<li class=\"wp-block-kadence-listitem kt-svg-icon-list-item-wrap kt-svg-icon-list-item-139_ea5c87-f3\"><span class=\"kb-svg-icon-wrap kb-svg-icon-fe_checkCircle kt-svg-icon-list-single\"><svg viewBox=\"0 0 24 24\"  fill=\"none\" stroke=\"currentColor\" stroke-width=\"2\" stroke-linecap=\"round\" stroke-linejoin=\"round\" xmlns=\"http:\/\/www.w3.org\/2000\/svg\"  aria-hidden=\"true\"><path d=\"M22 11.08V12a10 10 0 1 1-5.93-9.14\"\/><polyline points=\"22 4 12 14.01 9 11.01\"\/><\/svg><\/span><span class=\"kt-svg-icon-list-text\"><a href=\"https:\/\/almocitaactiva.es\/wp-content\/uploads\/2024\/10\/Plano-General-Almocita.pdf\" target=\"_blank\" rel=\"noreferrer noopener\">Plano General de Alm\u00f3cita.<\/a><\/span><\/li>\n<\/ul><\/div>\n\n\n\n<div style=\"height:60px\" aria-hidden=\"true\" class=\"wp-block-spacer\"><\/div>\n\n\n\n<p>Recuerda que si accedes a los enlaces de inscripci\u00f3n est\u00e1s aceptando, entendiendo y comprendiendo estas condiciones.<\/p>\n\n\n\n<p>Si tienes alguna incidencia o duda cont\u00e1ctanos en el Correo Electr\u00f3nico: Info@AlmocitaActiva.es  <\/p>\n\n\n\n<p>\u00a1Nos vemos pronto!<\/p>\n\n\n\n<div style=\"height:100px\" aria-hidden=\"true\" class=\"wp-block-spacer\"><\/div>\n\n\n\n<div class=\"wp-block-buttons is-content-justification-center is-layout-flex wp-container-core-buttons-is-layout-16018d1d wp-block-buttons-is-layout-flex\">\n<div class=\"wp-block-button\"><a class=\"wp-block-button__link wp-element-button\">Clubes Preferentes (Completa)<\/a><\/div>\n\n\n\n<div class=\"wp-block-button\"><a class=\"wp-block-button__link wp-element-button\">Participante Individual (Completa)<\/a><\/div>\n<\/div>\n\n\n\n<div class=\"wp-block-buttons is-content-justification-center is-layout-flex wp-container-core-buttons-is-layout-16018d1d wp-block-buttons-is-layout-flex\">\n<div class=\"wp-block-button\"><a class=\"wp-block-button__link wp-element-button\">Lista de Espera (Completa)<\/a><\/div>\n<\/div>\n\n\n\n<h2 class=\"wp-block-heading has-text-align-center has-small-font-size\">\u00a1GRACIAS POR LA INCRE\u00cdBLE PARTICIPACI\u00d3N EN LA PRUEBA! <br>\u00bfQuereis estar al d\u00eda?<br><a href=\"https:\/\/almocitaactiva.es\/\" data-type=\"link\" data-id=\"https:\/\/almocitaactiva.es\/\">S\u00cdGUENOS EN NUESTRAS RRSS.<\/a><\/h2>\n","protected":false},"excerpt":{"rendered":"<p>BIENVENID@ AL PROCESO DE INSCRIPCI\u00d3N: La Traves\u00eda de Resistencia Mil Sendas 2024 es puntuable para la CATR 2024 de la Federaci\u00f3n Andaluza de Deportes de Monta\u00f1a, Escalada y Senderismo. \u00bfEN QU\u00c9 ME INSCRIBO? Te vas a apuntar a la&nbsp;VII TRAVESIA DE RESISTENCIA MILSENDAS ALPUJARRA, que se celebrar\u00e1 el pr\u00f3ximo d\u00eda&nbsp;14 de Diciembre de 2024&nbsp;a las&nbsp;05:00&nbsp;horas,&#8230;<\/p>\n","protected":false},"author":1,"featured_media":0,"parent":0,"menu_order":0,"comment_status":"closed","ping_status":"closed","template":"","meta":{"_kadence_starter_templates_imported_post":false,"_kad_post_transparent":"","_kad_post_title":"","_kad_post_layout":"","_kad_post_sidebar_id":"","_kad_post_content_style":"","_kad_post_vertical_padding":"","_kad_post_feature":"","_kad_post_feature_position":"","_kad_post_header":false,"_kad_post_footer":false,"_kad_post_classname":"","footnotes":""},"class_list":["post-139","page","type-page","status-publish","hentry"],"_links":{"self":[{"href":"https:\/\/almocitaactiva.es\/index.php\/wp-json\/wp\/v2\/pages\/139","targetHints":{"allow":["GET"]}}],"collection":[{"href":"https:\/\/almocitaactiva.es\/index.php\/wp-json\/wp\/v2\/pages"}],"about":[{"href":"https:\/\/almocitaactiva.es\/index.php\/wp-json\/wp\/v2\/types\/page"}],"author":[{"embeddable":true,"href":"https:\/\/almocitaactiva.es\/index.php\/wp-json\/wp\/v2\/users\/1"}],"replies":[{"embeddable":true,"href":"https:\/\/almocitaactiva.es\/index.php\/wp-json\/wp\/v2\/comments?post=139"}],"version-history":[{"count":24,"href":"https:\/\/almocitaactiva.es\/index.php\/wp-json\/wp\/v2\/pages\/139\/revisions"}],"predecessor-version":[{"id":209,"href":"https:\/\/almocitaactiva.es\/index.php\/wp-json\/wp\/v2\/pages\/139\/revisions\/209"}],"wp:attachment":[{"href":"https:\/\/almocitaactiva.es\/index.php\/wp-json\/wp\/v2\/media?parent=139"}],"curies":[{"name":"wp","href":"https:\/\/api.w.org\/{rel}","templated":true}]}}